{"id":1008,"date":"2024-07-08T14:10:04","date_gmt":"2024-07-08T14:10:04","guid":{"rendered":"https:\/\/triratna.dk\/?page_id=1008"},"modified":"2025-10-12T08:51:45","modified_gmt":"2025-10-12T08:51:45","slug":"kalender","status":"publish","type":"page","link":"https:\/\/triratna.dk\/?page_id=1008","title":{"rendered":"Kalender"},"content":{"rendered":"\n<p>Her kan du se de fleste af vores \u00e5bne Triratna aktiviteter her i Danmark, plus enkelte vi deltager i internationalt. Udover disse holder vi ogs\u00e5 studiekredse, retreat dage og en r\u00e6kke andre aktiviteter for de faste Buddhister i vores sangha. Skriv til os hvis du vil med p\u00e5 vores mailing liste og holdes opdateres p\u00e5 begge dele.<\/p>\n\n\n\n<p>2025<\/p>\n\n\n\n<p>15 januar: 6 ugers Intro Kursus til Buddhisme \u2013 \u00e5bent for alle<\/p>\n\n\n\n<p>15 &amp; 22 januar, samt 5, 19 og 26 Feb: Drop in Meditation i K\u00f8benhavn<\/p>\n\n\n\n<p>18 januar 2025: Museumstur til Arken<\/p>\n\n\n\n<p>26 marts: Meditation med Sidsel og Dharma Aften<\/p>\n\n\n\n<p>2 &amp; 9 April: Meditations undervisning<\/p>\n\n\n\n<p>2 &amp; 9 april: Dharma aftener om Triratna Buddhistsamfund<\/p>\n\n\n\n<p>6 April Triratna Dag &#8211; online, internationalt event<\/p>\n\n\n\n<p>P\u00e5ske 2025: Intensivt retreat for faste sangha deltagere i Norge<\/p>\n\n\n\n<p>30 April- juni: Kursus i Buddhistisk Psykolog &#8211; hvad er Lykke?<\/p>\n\n\n\n<p>Juni 2025: Weekend Retreat<\/p>\n\n\n\n<p>28-30 nov 2025: Weekend Retreat p\u00e5 Sj\u00e6lland<\/p>\n\n\n\n<p><\/p>\n\n\n\n<p><strong>2024<\/strong><\/p>\n\n\n\n<p>10 jan- 20 marts: Kursus i Buddhisme: Det Tibetanske Livshjul og Mandalaen af de 5 Buddha Visdomme <\/p>\n\n\n\n<p>28 Januar 2024 Vinter Vandring i Dyrehaven<\/p>\n\n\n\n<p>22-24 marts 2024 Buddhistisk weekend Retreat&nbsp;p\u00e5 Stevns.<\/p>\n\n\n\n<p>3, 10 &amp; 17 april 2024: \u00c5bne Onsdage<\/p>\n\n\n\n<p>19-21 april 2024: Europ\u00e6isk Online Retreat for folk der tr\u00e6ner til Ordination<\/p>\n\n\n\n<p>8 maj- 5 juni Kursus i Buddhistisk Meditation og Mindfulness&nbsp;<\/p>\n\n\n\n<p>26 maj Buddha Dag fejring i Dyrehaven.<\/p>\n\n\n\n<p>2 juli 2024: Vidyanandi velkomst<\/p>\n\n\n\n<p>17-21 juli 2024: Buddhafield Festival UK<\/p>\n\n\n\n<p>14-18 august: Europ\u00e6isk samling for ordinationstr\u00e6ning<\/p>\n\n\n\n<p>28 August: &#8220;Vejen til Frihed&#8221; &#8211; 6-ugers kursus i Buddhisme for b\u00e5de nye og erfarne<\/p>\n\n\n\n<p>4 sept-11 dec: Onsdage med undervisning i Mindfulness og Meditation (ikke uge 41-43)<\/p>\n\n\n\n<p>25 okt- 1 nov: Nordisk Ordinationstr\u00e6nings Retreat i Sverige<\/p>\n\n\n\n<p>30 okt- 11 dec: Kursus i Buddhisme<\/p>\n\n\n\n<p>15-17 nov: Buddhistisk Weekend Retreat Stevns<\/p>\n\n\n\n<p><\/p>\n\n\n\n<p>&nbsp;<\/p>\n","protected":false},"excerpt":{"rendered":"<p>Her kan du se de fleste af vores \u00e5bne Triratna aktiviteter her i Danmark, plus enkelte vi deltager i internationalt. Udover disse holder vi ogs\u00e5 &hellip;<\/p>\n","protected":false},"author":1,"featured_media":0,"parent":518,"menu_order":0,"comment_status":"closed","ping_status":"closed","template":"","meta":{"footnotes":""},"class_list":["post-1008","page","type-page","status-publish","hentry"],"_links":{"self":[{"href":"https:\/\/triratna.dk\/index.php?rest_route=\/wp\/v2\/pages\/1008","targetHints":{"allow":["GET"]}}],"collection":[{"href":"https:\/\/triratna.dk\/index.php?rest_route=\/wp\/v2\/pages"}],"about":[{"href":"https:\/\/triratna.dk\/index.php?rest_route=\/wp\/v2\/types\/page"}],"author":[{"embeddable":true,"href":"https:\/\/triratna.dk\/index.php?rest_route=\/wp\/v2\/users\/1"}],"replies":[{"embeddable":true,"href":"https:\/\/triratna.dk\/index.php?rest_route=%2Fwp%2Fv2%2Fcomments&post=1008"}],"version-history":[{"count":5,"href":"https:\/\/triratna.dk\/index.php?rest_route=\/wp\/v2\/pages\/1008\/revisions"}],"predecessor-version":[{"id":1245,"href":"https:\/\/triratna.dk\/index.php?rest_route=\/wp\/v2\/pages\/1008\/revisions\/1245"}],"up":[{"embeddable":true,"href":"https:\/\/triratna.dk\/index.php?rest_route=\/wp\/v2\/pages\/518"}],"wp:attachment":[{"href":"https:\/\/triratna.dk\/index.php?rest_route=%2Fwp%2Fv2%2Fmedia&parent=1008"}],"curies":[{"name":"wp","href":"https:\/\/api.w.org\/{rel}","templated":true}]}}