{"id":253,"date":"2021-12-30T18:56:32","date_gmt":"2021-12-30T18:56:32","guid":{"rendered":"https:\/\/triratna.dk\/?page_id=253"},"modified":"2025-10-12T08:50:44","modified_gmt":"2025-10-12T08:50:44","slug":"retreats","status":"publish","type":"page","link":"https:\/\/triratna.dk\/?page_id=253","title":{"rendered":"Retreats"},"content":{"rendered":"\n<p class=\"has-text-align-center\"><em><strong>Vil du opleve hvordan det er n\u00e5r man kan fordybe sig i praksis over en hel weekend sammen med andre?&nbsp;<\/strong><\/em><strong><em>S\u00e5 kom med p\u00e5 retreat<\/em><\/strong><\/p>\n\n\n\n<p>Vi holder j\u00e6vnligt retreats, da de giver s\u00e5dan en god mulighed for at opleve sangha og tage vores Dharma praksis dybere. De er for alle der har deltaget i et intro kursus hos Triratna eller har lignende erfaring. <\/p>\n\n\n\n<h5 class=\"wp-block-heading has-accent-2-color has-text-color\">N\u00e6ste WEEKEND RETREAT 28-30 november 2025<\/h5>\n\n\n\n<p>Ledes af Advayasiddhi &amp; Aryanayaka<\/p>\n\n\n\n<p>Et retreat er en super god chance for at skabe plads til at fordybe sig mere i Buddhismen sammen med erfarne l\u00e6rere og andre ligesindede.\u00a0Programmet bliver en fin\u00a0blanding af Dharma-undervisning, stilhed, gode snakke, venskaber, meditation og luft omkring os.\u00a0Vi l\u00e6gger telefonerne v\u00e6k, giver os selv et \u00e5ndehul og rykker lidt t\u00e6ttere p\u00e5 naturen.\u00a0Alle der har deltaget i vores aktiviteter kan s\u00f8ge om optagelse p\u00e5 et retreat. <\/p>\n\n\n\n<p> Tilmelding til 28-30 nov 2025 senest 1 nov 2025. Vil du med? S\u00e5 send en mail og n\u00e5r du er bekr\u00e6ftet optaget p\u00e5 retreatet, s\u00e5 betalt dit depositum p\u00e5 1000 kr, mobile pay\u00a07035HY.<\/p>\n\n\n\n<p class=\"has-accent-2-color has-text-color\">Vi holder retreatet i R\u00f8dvig p\u00e5 det smukke Stevns, starter fredag aften med aftensmad kl. 18.00 og slutter efter frokost om s\u00f8ndagen ca kl. 14.30. Der vil v\u00e6re morgenmeditationer hver dag, to undervisningssessioner i l\u00f8bet af dagen, fritid til bare at v\u00e6re og reflektere i stilhed, samt chanting og ritualer om aftenen.<\/p>\n\n\n\n<p>Max 12 deltagere. Pris er 2500 kr i alt, der inkluderer l\u00e6kker vegetarisk mad, logi, og al undervisning.&nbsp;Indkvartering er p\u00e5 delt dobbeltv\u00e6relse, men skriv hvis du har s\u00e6rligt behov for enev\u00e6relse, s\u00e5 ser vi om det er muligt.&nbsp; <\/p>\n\n\n\n<p><\/p>\n\n\n\n<p>Hvis du har behov for reduktion i pris for at deltage, s\u00e5 sig til, vi har nogle dana pladser&nbsp;hvor du selv v\u00e6lger hvad du vil give udover de 1000kr.<\/p>\n\n\n\n<p>Sp\u00f8rgsm\u00e5l? Skriv endelig.&nbsp;Gl\u00e6der mig til at v\u00e6re p\u00e5 retreat med jer.<\/p>\n\n\n\n<p><\/p>\n\n\n\n<figure class=\"wp-block-image size-large is-resized\"><img loading=\"lazy\" decoding=\"async\" width=\"1024\" height=\"768\" src=\"https:\/\/triratna.dk\/wp-content\/uploads\/2024\/09\/Stevnsretreat2023a-1024x768.jpg\" alt=\"\" class=\"wp-image-1071\" style=\"width:531px;height:398px\" srcset=\"https:\/\/triratna.dk\/wp-content\/uploads\/2024\/09\/Stevnsretreat2023a-1024x768.jpg 1024w, https:\/\/triratna.dk\/wp-content\/uploads\/2024\/09\/Stevnsretreat2023a-300x225.jpg 300w, https:\/\/triratna.dk\/wp-content\/uploads\/2024\/09\/Stevnsretreat2023a-768x576.jpg 768w, https:\/\/triratna.dk\/wp-content\/uploads\/2024\/09\/Stevnsretreat2023a-1536x1152.jpg 1536w, https:\/\/triratna.dk\/wp-content\/uploads\/2024\/09\/Stevnsretreat2023a-2048x1536.jpg 2048w, https:\/\/triratna.dk\/wp-content\/uploads\/2024\/09\/Stevnsretreat2023a-400x300.jpg 400w\" sizes=\"auto, (max-width: 1024px) 100vw, 1024px\" \/><\/figure>\n\n\n\n<p class=\"has-accent-2-color has-text-color\">Et typisk dagsprogram p\u00e5 retreat kan v\u00e6re: <\/p>\n\n\n\n<p class=\"has-accent-2-color has-text-color\">7:15-7:50 Morgenmeditation og chanting <\/p>\n\n\n\n<p class=\"has-accent-2-color has-text-color\">8:00-8:30 Morgenmeditation <\/p>\n\n\n\n<p class=\"has-accent-2-color has-text-color\">9:00 Morgenmad <\/p>\n\n\n\n<p class=\"has-accent-2-color has-text-color\">10:30-12:30 Dharma undervisning <\/p>\n\n\n\n<p class=\"has-accent-2-color has-text-color\">13:00 Frokost <\/p>\n\n\n\n<p class=\"has-accent-2-color has-text-color\">13:30 Egen tid til reflektion <\/p>\n\n\n\n<p class=\"has-accent-2-color has-text-color\">15:30 Dharma undervisning <\/p>\n\n\n\n<p class=\"has-accent-2-color has-text-color\">18:00 Aftensmad<\/p>\n\n\n\n<p class=\"has-accent-2-color has-text-color\">20:00 Buddhistisk ritual med chanting <\/p>\n\n\n\n<p class=\"has-accent-2-color has-text-color\">Der vil v\u00e6re perioder med stilhed og vi anbefaler at man slukker sin telefon undervejs for at f\u00e5 st\u00f8rst udbytte af retreat-betingelserne.<\/p>\n\n\n\n<p>Et retreat er en chance for at give dig selv et rum til at tr\u00e6kke vejret og m\u00e6rke efter, til at l\u00e6re noget nyt og f\u00e5 fyldt batterierne godt op, og til at engagerer dig aktivt med at skabe mere mening og frihed i dit liv. Vil du med? Der er max 12 deltagere, s\u00e5 meld dig til nu, hvis du vil have en af pladserne. <\/p>\n\n\n\n<p><strong>Praktisk Info<\/strong><\/p>\n\n\n\n<p>Retreatet starter typisk fredag kl. 18.00 med middag og en introduktion, og slutter s\u00f8ndag kl. 15.00<\/p>\n\n\n\n<p><strong>Sted<\/strong>: Oftest benytter vi Kursusejendommen Skovhuset i R\u00f8dvig p\u00e5 Sydsj\u00e6lland.<\/p>\n\n\n\n<p><strong>Pris<\/strong>: 2500 kr for kost, logi og al undervisning.<\/p>\n\n\n\n<p><strong>Logi:<\/strong> Vi bor p\u00e5 dobbelt-v\u00e6relser med eget toilet og bad. Der er mulighed for enkelte 1-persons v\u00e6relser, skriv hvis du har et behov for dette.<\/p>\n\n\n\n<p><strong>Undervisere<\/strong>: Advayasiddhi, Senior Ordensmedlem i Triratna.<\/p>\n\n\n\n<figure class=\"wp-block-image size-large is-resized\"><img loading=\"lazy\" decoding=\"async\" width=\"1024\" height=\"768\" src=\"https:\/\/triratna.dk\/wp-content\/uploads\/2023\/09\/Advayasiddhi-og-Aryanayaka-1024x768.jpg\" alt=\"\" class=\"wp-image-852\" style=\"width:444px;height:333px\" srcset=\"https:\/\/triratna.dk\/wp-content\/uploads\/2023\/09\/Advayasiddhi-og-Aryanayaka-1024x768.jpg 1024w, https:\/\/triratna.dk\/wp-content\/uploads\/2023\/09\/Advayasiddhi-og-Aryanayaka-300x225.jpg 300w, https:\/\/triratna.dk\/wp-content\/uploads\/2023\/09\/Advayasiddhi-og-Aryanayaka-768x576.jpg 768w, https:\/\/triratna.dk\/wp-content\/uploads\/2023\/09\/Advayasiddhi-og-Aryanayaka-1536x1152.jpg 1536w, https:\/\/triratna.dk\/wp-content\/uploads\/2023\/09\/Advayasiddhi-og-Aryanayaka-2048x1536.jpg 2048w, https:\/\/triratna.dk\/wp-content\/uploads\/2023\/09\/Advayasiddhi-og-Aryanayaka-400x300.jpg 400w\" sizes=\"auto, (max-width: 1024px) 100vw, 1024px\" \/><\/figure>\n\n\n\n<p>Advayasiddhi har praktiseret med Triratna i over 25 \u00e5r, er senior medlem af Triratna Buddhistorden, og ordineret siden 2007. Hun har en lang erfaring med at undervise folk i meditation og dharma, b\u00e5de i Danmark og resten af Europa. Stilen er uformel og respektfuld og alle kan v\u00e6re med. <\/p>\n\n\n\n<p><em><strong>Forventninger:<\/strong><\/em><\/p>\n\n\n\n<p>Vi spiser vegetarisk mad, der vil v\u00e6re perioder med stilhed, og alle deltager i sm\u00e5 arbejdsopgaver under retreatet.<\/p>\n\n\n\n<p>Mobiletelefoner kan bruges udend\u00f8rs, og hvis du helt vil slukke din i weekenden, har vi en n\u00f8dtelefon som du kan give nummeret p\u00e5 til dem derhjemme.<\/p>\n\n\n\n<p>Vi holder deltager antallet lavt, med max 12 personer. Det giver en unik stemning og g\u00f8r undervisningen mere personlig og eksklusiv, s\u00e5 hver enkelt f\u00e5r mest muligt ud af retreatet.<\/p>\n\n\n\n<p>Det kr\u00e6ver ingen foruds\u00e6tninger at deltage, men vi forventer du kan tage vare p\u00e5 dig selv b\u00e5de fysisk og psykisk hele weekenden. Hvis du er i tvivl om det er en god ide for dig at deltage, s\u00e5 skriv til os, s\u00e5 tager vi en snak om det. Al deltagelse er fuldst\u00e6ndig p\u00e5 eget ansvar.<\/p>\n\n\n<div class=\"wp-block-image\">\n<figure class=\"aligncenter size-full\"><img loading=\"lazy\" decoding=\"async\" width=\"300\" height=\"275\" src=\"https:\/\/triratna.dk\/wp-content\/uploads\/2021\/09\/P8211358.jpg\" alt=\"\" class=\"wp-image-59\"\/><\/figure>\n<\/div>\n\n\n<p><strong><em>Det med sm\u00e5t:<\/em><\/strong><\/p>\n\n\n\n<p><strong>Ansvar:<\/strong>&nbsp;Du deltager fuldst\u00e6ndig p\u00e5 eget ansvar, og vi forventer at du kan tage vare p\u00e5 dig selv hele weekenden, b\u00e5de fysisk og psykisk.<\/p>\n\n\n\n<p>Hvis du har aktuelle psykiske udfordringer eller har haft det i de seneste \u00e5r, er det et krav at vi kender til dem f\u00f8r din booking bliver godkendt. Vi forbeholder os altid retten til at bede dig forlade retreatet, hvis vi vurderer det ikke er et godt sted for dig at v\u00e6re.<\/p>\n\n\n\n<p><strong>Afbud:<\/strong>&nbsp;Ved afbud op til 14 dage f\u00f8r refunderer vi halvt kursusbel\u00f8b. Ved afbud under 14 dage f\u00f8r kan vi desv\u00e6rre ikke refundere noget, da vi har s\u00e5 lille et budget for vores aktiviteter. Hvis du kan finde en anden som kan tage din plads, s\u00e5 er det selvf\u00f8lgelig helt ok!<\/p>\n\n\n\n<p><strong>Covid:<\/strong>&nbsp;Vi f\u00f8ler altid alle g\u00e6ldende retningslinjer. Hvis du har det bedst med at have mundbind p\u00e5 indend\u00f8rs, s\u00e5 er du velkommen til dette. Hvis vi er n\u00f8d til at reducerer antal, s\u00e5 giver vi alle enkeltv\u00e6relser. Som udgangspunkt kan man ikke f\u00e5 sine penge tilbage.<\/p>\n","protected":false},"excerpt":{"rendered":"<p>Vil du opleve hvordan det er n\u00e5r man kan fordybe sig i praksis over en hel weekend sammen med andre?&nbsp;S\u00e5 kom med p\u00e5 retreat Vi &hellip;<\/p>\n","protected":false},"author":1,"featured_media":0,"parent":0,"menu_order":0,"comment_status":"closed","ping_status":"closed","template":"","meta":{"footnotes":""},"class_list":["post-253","page","type-page","status-publish","hentry"],"_links":{"self":[{"href":"https:\/\/triratna.dk\/index.php?rest_route=\/wp\/v2\/pages\/253","targetHints":{"allow":["GET"]}}],"collection":[{"href":"https:\/\/triratna.dk\/index.php?rest_route=\/wp\/v2\/pages"}],"about":[{"href":"https:\/\/triratna.dk\/index.php?rest_route=\/wp\/v2\/types\/page"}],"author":[{"embeddable":true,"href":"https:\/\/triratna.dk\/index.php?rest_route=\/wp\/v2\/users\/1"}],"replies":[{"embeddable":true,"href":"https:\/\/triratna.dk\/index.php?rest_route=%2Fwp%2Fv2%2Fcomments&post=253"}],"version-history":[{"count":31,"href":"https:\/\/triratna.dk\/index.php?rest_route=\/wp\/v2\/pages\/253\/revisions"}],"predecessor-version":[{"id":1340,"href":"https:\/\/triratna.dk\/index.php?rest_route=\/wp\/v2\/pages\/253\/revisions\/1340"}],"wp:attachment":[{"href":"https:\/\/triratna.dk\/index.php?rest_route=%2Fwp%2Fv2%2Fmedia&parent=253"}],"curies":[{"name":"wp","href":"https:\/\/api.w.org\/{rel}","templated":true}]}}