{"id":5,"date":"2021-09-21T12:33:52","date_gmt":"2021-09-21T12:33:52","guid":{"rendered":"https:\/\/triratna.dk\/?page_id=5"},"modified":"2026-03-11T17:03:22","modified_gmt":"2026-03-11T17:03:22","slug":"triratna-danmark","status":"publish","type":"page","link":"https:\/\/triratna.dk\/","title":{"rendered":"Buddhisme i Hverdagen"},"content":{"rendered":"\n<p class=\"has-text-align-center\"><em><strong>Vil du l\u00e6re mere om Buddhisme? Finde et vestligt Buddhist f\u00e6llesskab at praktiserer med? <\/strong><\/em><\/p>\n\n\n\n<p class=\"has-text-align-center\"><em><strong>Udforske Dharmaen og selv m\u00e6rke hvordan frihed, visdom og medf\u00f8lelse kan skabe mening i et moderne vestligt hverdagsliv? <\/strong><\/em><\/p>\n\n\n\n<p class=\"has-text-align-center\"><em><strong>S\u00e5 kom med hos os i Triratna Buddhistsamfund<\/strong><\/em><\/p>\n\n\n\n<p class=\"has-text-align-center\"><\/p>\n\n\n\n<p class=\"has-accent-2-color has-text-color\">Velkommen! <\/p>\n\n\n\n<p class=\"has-accent-2-color has-text-color\">Vi er TRIRATNA, et verdensomsp\u00e6ndende moderne Vestligt Buddhistisk f\u00e6llesskab grundlagt af Sangharakshita i 1967 og baseret p\u00e5 Dharmaen som realiseret af den historiske Buddha Shakyamuni. N\u00e6ste Dharma-kursus er &#8220;At Holde Hjertet \u00c5bent&#8221; og l\u00f8ber fra 18 marts til 10 juni 2026. Vil du med?<\/p>\n\n\n\n<blockquote class=\"wp-block-quote is-layout-flow wp-block-quote-is-layout-flow\">\n<p>Buddhaen: Had vinder aldrig over had. K\u00e6rlighed og visdom er de sande tilflugter<\/p>\n<\/blockquote>\n\n\n\n<p class=\"has-accent-2-color has-text-color\"><\/p>\n\n\n\n<figure class=\"wp-block-gallery has-nested-images columns-5 is-cropped wp-block-gallery-1 is-layout-flex wp-block-gallery-is-layout-flex\">\n<figure class=\"wp-block-image size-full\"><img loading=\"lazy\" decoding=\"async\" width=\"2316\" height=\"2246\" data-id=\"1364\" src=\"https:\/\/triratna.dk\/wp-content\/uploads\/2025\/12\/sangha2025.jpeg\" alt=\"\" class=\"wp-image-1364\" srcset=\"https:\/\/triratna.dk\/wp-content\/uploads\/2025\/12\/sangha2025.jpeg 2316w, https:\/\/triratna.dk\/wp-content\/uploads\/2025\/12\/sangha2025-300x291.jpeg 300w, https:\/\/triratna.dk\/wp-content\/uploads\/2025\/12\/sangha2025-1024x993.jpeg 1024w, https:\/\/triratna.dk\/wp-content\/uploads\/2025\/12\/sangha2025-768x745.jpeg 768w, https:\/\/triratna.dk\/wp-content\/uploads\/2025\/12\/sangha2025-1536x1490.jpeg 1536w, https:\/\/triratna.dk\/wp-content\/uploads\/2025\/12\/sangha2025-2048x1986.jpeg 2048w, https:\/\/triratna.dk\/wp-content\/uploads\/2025\/12\/sangha2025-309x300.jpeg 309w\" sizes=\"auto, (max-width: 2316px) 100vw, 2316px\" \/><\/figure>\n\n\n\n<figure class=\"wp-block-image size-full\"><img loading=\"lazy\" decoding=\"async\" width=\"2400\" height=\"1600\" data-id=\"1366\" src=\"https:\/\/triratna.dk\/wp-content\/uploads\/2025\/12\/lesly-juarez_mindfulness-1.jpg\" alt=\"\" class=\"wp-image-1366\" srcset=\"https:\/\/triratna.dk\/wp-content\/uploads\/2025\/12\/lesly-juarez_mindfulness-1.jpg 2400w, https:\/\/triratna.dk\/wp-content\/uploads\/2025\/12\/lesly-juarez_mindfulness-1-300x200.jpg 300w, https:\/\/triratna.dk\/wp-content\/uploads\/2025\/12\/lesly-juarez_mindfulness-1-1024x683.jpg 1024w, https:\/\/triratna.dk\/wp-content\/uploads\/2025\/12\/lesly-juarez_mindfulness-1-768x512.jpg 768w, https:\/\/triratna.dk\/wp-content\/uploads\/2025\/12\/lesly-juarez_mindfulness-1-1536x1024.jpg 1536w, https:\/\/triratna.dk\/wp-content\/uploads\/2025\/12\/lesly-juarez_mindfulness-1-2048x1365.jpg 2048w, https:\/\/triratna.dk\/wp-content\/uploads\/2025\/12\/lesly-juarez_mindfulness-1-450x300.jpg 450w\" sizes=\"auto, (max-width: 2400px) 100vw, 2400px\" \/><\/figure>\n<\/figure>\n\n\n\n<h5 class=\"wp-block-heading has-accent-2-color has-text-color\">&#8220;At Holde Hjertet \u00c5bent&#8221; &#8211; For\u00e5rs Dharma fra 18 marts 2026<\/h5>\n\n\n\n<p><strong>Kom og udforsk Dharmaen, n\u00e5r verden virker vanvittig og livet har brug for mere mening, frihed og k\u00e6rlighed.<\/strong><\/p>\n\n\n\n<h5 class=\"wp-block-heading\"><strong>Kursus i Buddhisme<\/strong> &#8211; <strong>At Holde Hjertet \u00c5bent<\/strong><\/h5>\n\n\n\n<p>Da verden er noget udfordret for tiden, t\u00e6nkte jeg, at det kunne v\u00e6re passende at bruge for\u00e5ret p\u00e5 netop det tema.&nbsp;<\/p>\n\n\n\n<p>Kurset handler om hvordan Dharmaen kan tr\u00e6ne os i \u00f8ge vores evne til at m\u00f8de hvad livet byder p\u00e5, b\u00e5de det gode og det sv\u00e6re. Vi unders\u00f8ger is\u00e6r de teknikker der hedder Brahma Viharaer, som handler om venlighed, n\u00e6rv\u00e6r, medf\u00f8lelse, gl\u00e6de, og sindsro. Det er metoder, der b\u00e5de kan bruges i meditation men is\u00e6r i vores hverdag, n\u00e5r vi bliver m\u00f8dt af alt muligt, og det kan v\u00e6re sv\u00e6rt at st\u00e5 fast i sin egen meningsfuldhed. Men det kan man \u00f8ve sig i, og med praksis blive bedre.<\/p>\n\n\n\n<p>Vi kommer ind p\u00e5, hvordan man h\u00e5ndterer n\u00e5r man bliver overv\u00e6ldet, hvordan man kan miste fodf\u00e6stet og finde det igen og igen, og hvordan man kan bruge Buddhismen som en aktiv st\u00f8tte at l\u00e6ne sig op ad gennem ritualer og mantraer.&nbsp;<\/p>\n\n\n\n<p>Vi skal ogs\u00e5 tale om Buddhistisk visdom, og se p\u00e5 hvordan vi kan skabe mellemrum og frihed, og bevidst v\u00e6lge hvad vi gerne vil p\u00e5virke, noget bel\u00e6ringer som Patticca Samuttapada hj\u00e6lper med at udforske.<\/p>\n\n\n\n<p>Det er sinds- og hjertetr\u00e6ning for jer der er \u00e6gte modige, som t\u00f8r tro p\u00e5 efter en anden m\u00e5de at v\u00e6re i verden p\u00e5.<\/p>\n\n\n\n<p><strong>Tilmelding til kurset<\/strong><\/p>\n\n\n\n<p>Vil du med? S\u00e5 send tilmelding senest p\u00e5 14\/3 (og gerne f\u00f8r), p\u00e5 mail til triratnacphATgmail.com eller sms p\u00e5 57 70 52 20 senest 14 marts 2026 og overf\u00f8r 250 kr i tilmeldingsgebyr til mobile pay\u00a0box 7035HY.<\/p>\n\n\n\n<p><strong>Betaling for kurset<\/strong><\/p>\n\n\n\n<p>Som altid er selve kurset donationsbaseret*, og vi er afh\u00e6ngige af donationer for at kunne holde vores aktiviteter, s\u00e5 giv gerne hvad du har mulighed for, oveni tilmeldingen, eller n\u00e5r du har overskud senere.<\/p>\n\n\n\n<p><strong>Praktisk Info<\/strong> om Dharma Kursus<\/p>\n\n\n\n<ul class=\"wp-block-list\">\n<li>Hvorn\u00e5r :\u00a0Onsdage kl. 18.00-20.30 (du kan ankomme fra 17.50). Start 18 marts og l\u00f8ber frem til 10 juni, med fri i p\u00e5skeugen.<\/li>\n\n\n\n<li>Hvor: Triratna Buddhistcenter, c\/o Life Mastery Academy, Kompagnistr\u00e6de 14C, K\u00f8benhavn K (t\u00e6t p\u00e5 Gammel Strand metro, N\u00f8rreport og Hovedbanen).<\/li>\n\n\n\n<li>Hvordan: Tilmeld p\u00e5 sms 57 70 52 20 eller mail (triratnacph AT gmail.com) og ved at overf\u00f8re tilmeldingsbel\u00f8b p\u00e5 250 kr til mobile pay box 7035HY.<\/li>\n\n\n\n<li>Hvad: Tag en notesbog med, vi har meditations-grej og giver en kop the halvvejs.<\/li>\n\n\n\n<li>Vores undervisning er donationsbaseret&#8217;, s\u00e5 udover de 250kr, giv hvad din \u00f8konomi er til. Vores forslag er 500-1000kr per m\u00e5ned, men det kan v\u00e6re mere eller mindre eller ingenting, afh\u00e6ngig af hvad din \u00f8konomi er til.<\/li>\n<\/ul>\n\n\n\n<p><strong>*Donationsbaseret (dana)<\/strong> vil sige, at istedet for at vi s\u00e6tter en pris og opkr\u00e6ver fast betaling for at deltage i vores aktiviteter, s\u00e5 er det op til dig at give, hvad der er muligt for din \u00f8konomi. Nogle giver per aften, andre giver per m\u00e5ned, andre igen overf\u00f8rer for et helt forl\u00f8b. Op til dig. Vi modtager gladeligt <em>alle<\/em> bel\u00f8b, store som sm\u00e5 &#8211; og vi f\u00e5r alle bel\u00f8b (fx fra 50 kr til 3000 kr), s\u00e5 vi mener det faktisk \ud83d\ude42<\/p>\n\n\n\n<figure class=\"wp-block-gallery has-nested-images columns-default is-cropped wp-block-gallery-2 is-layout-flex wp-block-gallery-is-layout-flex\">\n<figure class=\"wp-block-image size-large\"><img loading=\"lazy\" decoding=\"async\" width=\"1024\" height=\"993\" data-id=\"1031\" src=\"https:\/\/triratna.dk\/wp-content\/uploads\/2024\/09\/AN-meditation02-1024x993.jpg\" alt=\"\" class=\"wp-image-1031\" srcset=\"https:\/\/triratna.dk\/wp-content\/uploads\/2024\/09\/AN-meditation02-1024x993.jpg 1024w, https:\/\/triratna.dk\/wp-content\/uploads\/2024\/09\/AN-meditation02-300x291.jpg 300w, https:\/\/triratna.dk\/wp-content\/uploads\/2024\/09\/AN-meditation02-768x745.jpg 768w, https:\/\/triratna.dk\/wp-content\/uploads\/2024\/09\/AN-meditation02-1536x1489.jpg 1536w, https:\/\/triratna.dk\/wp-content\/uploads\/2024\/09\/AN-meditation02-2048x1986.jpg 2048w, https:\/\/triratna.dk\/wp-content\/uploads\/2024\/09\/AN-meditation02-309x300.jpg 309w\" sizes=\"auto, (max-width: 1024px) 100vw, 1024px\" \/><\/figure>\n\n\n\n<figure class=\"wp-block-image size-large\"><img loading=\"lazy\" decoding=\"async\" width=\"768\" height=\"1024\" data-id=\"58\" src=\"https:\/\/triratna.dk\/wp-content\/uploads\/2021\/09\/J_meditating-768x1024.jpg\" alt=\"\" class=\"wp-image-58\" srcset=\"https:\/\/triratna.dk\/wp-content\/uploads\/2021\/09\/J_meditating-768x1024.jpg 768w, https:\/\/triratna.dk\/wp-content\/uploads\/2021\/09\/J_meditating-225x300.jpg 225w, https:\/\/triratna.dk\/wp-content\/uploads\/2021\/09\/J_meditating-1152x1536.jpg 1152w, https:\/\/triratna.dk\/wp-content\/uploads\/2021\/09\/J_meditating-1536x2048.jpg 1536w, https:\/\/triratna.dk\/wp-content\/uploads\/2021\/09\/J_meditating-scaled.jpg 1920w\" sizes=\"auto, (max-width: 768px) 100vw, 768px\" \/><\/figure>\n<\/figure>\n\n\n\n<h5 class=\"wp-block-heading\"><strong>L\u00e6r Buddhistisk Meditation i K\u00f8benhavn<\/strong> <\/h5>\n\n\n\n<p>Onsdage <strong>kl. 16.30<\/strong> fra 18 marts afholder vi <strong>Eftermiddags Drop-ind Meditationer<\/strong>\u00a0hvor vi hver onsdag inviterer nye som erfarne med til en times meditationsundervisning i indre K\u00f8benhavn. Tilmelding senest mandag p\u00e5 sms eller mail, s\u00e5 vi har styr p\u00e5 hvem der kommer. Donationsbaseret*.<\/p>\n\n\n\n<p><strong>Praktisk Info<\/strong> om Meditation<\/p>\n\n\n\n<ul class=\"wp-block-list\">\n<li>Hvorn\u00e5r :\u00a0Onsdage kl. 16.30-17.30. Start 18 marts og l\u00f8ber frem til 10 juni, med fri i p\u00e5skeugen.<\/li>\n\n\n\n<li>Hvor: Triratna Buddhistcenter, c\/o Life Mastery Academy, Kompagnistr\u00e6de 14C, K\u00f8benhavn K (t\u00e6t p\u00e5 Gammel Strand metro, N\u00f8rreport og Hovedbanen).<\/li>\n\n\n\n<li>Hvordan: Tilmeld p\u00e5 sms 57 70 52 20 eller mail (triratnacph AT gmail.com) senest 2 dage f\u00f8r undervisningen.<\/li>\n\n\n\n<li>Vores undervisning er donationsbaseret&#8217;, s\u00e5 giv hvad din \u00f8konomi er til. <\/li>\n<\/ul>\n\n\n\n<figure class=\"wp-block-gallery has-nested-images columns-default is-cropped wp-block-gallery-3 is-layout-flex wp-block-gallery-is-layout-flex\">\n<figure class=\"wp-block-image size-large\"><img loading=\"lazy\" decoding=\"async\" width=\"320\" height=\"240\" data-id=\"1362\" src=\"https:\/\/triratna.dk\/wp-content\/uploads\/2025\/12\/stevns-\u2013-lille.jpeg\" alt=\"\" class=\"wp-image-1362\" srcset=\"https:\/\/triratna.dk\/wp-content\/uploads\/2025\/12\/stevns-\u2013-lille.jpeg 320w, https:\/\/triratna.dk\/wp-content\/uploads\/2025\/12\/stevns-\u2013-lille-300x225.jpeg 300w\" sizes=\"auto, (max-width: 320px) 100vw, 320px\" \/><\/figure>\n<\/figure>\n\n\n\n<h5 class=\"wp-block-heading\">Buddhistisk Weekend Retreat 13-15 nov 2026<\/h5>\n\n\n\n<p>Vi holder j\u00e6vnligt retreats og det n\u00e6ste bliver i efter\u00e5et 2026. L\u00e6s mere om det under fanen &#8220;retreats&#8221;.<\/p>\n\n\n\n<p>Fra Marts 2026: Learn <strong>Mindfulness Meditation &#8211; Wednesdays 4.30 pm<\/strong> Most weeks we host a drop in meditation class with a guided meditation led by an experienced Buddhist teacher. We teach in English when needed, so all welcome. Sign up by sending an email the day before. We ask for 100 kr in donation.<\/p>\n\n\n\n<figure class=\"wp-block-image size-full\"><img loading=\"lazy\" decoding=\"async\" width=\"509\" height=\"339\" src=\"https:\/\/triratna.dk\/wp-content\/uploads\/2023\/07\/buddhainsence.jpg\" alt=\"\" class=\"wp-image-833\" srcset=\"https:\/\/triratna.dk\/wp-content\/uploads\/2023\/07\/buddhainsence.jpg 509w, https:\/\/triratna.dk\/wp-content\/uploads\/2023\/07\/buddhainsence-300x200.jpg 300w, https:\/\/triratna.dk\/wp-content\/uploads\/2023\/07\/buddhainsence-450x300.jpg 450w\" sizes=\"auto, (max-width: 509px) 100vw, 509px\" \/><\/figure>\n\n\n\n<h5 class=\"wp-block-heading has-accent-2-color has-text-color\"><br>Lidt mere om Buddhisme, Lykke og Lidelse<\/h5>\n\n\n\n<p>Buddhismen ser lidelse som en del af det v\u00e6re menneske. Ikke at det er nogens skyld, men at s\u00e5dan er det n\u00e5r man er menneske, fordi vi leder efter lykke alle de forkerte steder. Lidelse der opst\u00e5r n\u00e5r vi tror, at jo flere ting vi k\u00f8ber, des gladere bliver vi, selvom vi har for travlt til at gl\u00e6des over dem. Lidelse der kommer n\u00e5r vi tror, at kroppen og livet er evigt, og bliver fortvivlede n\u00e5r det ikke er tilf\u00e6ldet. Eller n\u00e5r vi fastl\u00e5ser andre mennesker som venner og fjender, handlinger som rigtige og forkere, s\u00e6tter os selv f\u00f8rst og f\u00f8ler os ulykkelige, uden at forst\u00e5 hvor selvcentrede og lidelsesskabende vores handlinger er.<\/p>\n\n\n\n<p>Heldigvis giver den Buddhistiske Dharma giver os en anden vej at f\u00f8lge! Buddhismen fort\u00e6ller os, at lykke og frihed er muligt, hvis vi \u00e6ndrer vores udsyn og m\u00e5de at v\u00e6re i verden p\u00e5. Den inviterer os til at g\u00e5 fra v\u00e6k fra at basere vores liv p\u00e5 at besidde, gribe efter, lukke af, bek\u00e6mpe, adskille og isolerer os, og inviterer istedet til nye m\u00e5der at forst\u00e5 os selv, med konkrete metoder til at leve et klogt, v\u00e6rdfuldt, og n\u00e6rv\u00e6rende liv, baseret p\u00e5 visdom og indsigt.<\/p>\n\n\n\n<p><\/p>\n\n\n\n<h5 class=\"wp-block-heading\">Kursus i Buddhisme Online.<\/h5>\n\n\n\n<p> Vi opretter l\u00f8bende nye hold n\u00e5r der er nok deltager. Formatet er online kursus p\u00e5 zoom, for jer der bor langt v\u00e6k, eller bare har nemmere ved at deltage online. H\u00e5ber mange vil v\u00e6re med nu, nye og erfarne velkomne. Skriv en mail hvis du er interesseret eller vil tilmeldes.<\/p>\n\n\n\n<figure class=\"wp-block-gallery has-nested-images columns-default is-cropped wp-block-gallery-4 is-layout-flex wp-block-gallery-is-layout-flex\"><\/figure>\n\n\n\n<h5 class=\"wp-block-heading has-accent-2-color has-text-color has-normal-font-size\"><strong>HVEM ER VI?<\/strong><\/h5>\n\n\n\n<p>Triratna er Buddhisme for den vestlige verden, med st\u00e6rk forankring i den oprindelige Buddhistiske Dharma (filosofien, teorien, bel\u00e6ringerne). Vores form\u00e5l er at give mulighed for at alle der vil, kan praktisere Dharma og meditation i vores&nbsp;moderne hverdag og selv opleve hvordan den giver mening, frihed, v\u00e6rdighed og medf\u00f8lelse, b\u00e5de for os individuelt, men ogs\u00e5 p\u00e5 st\u00f8rre, samfundsm\u00e6ssige niveauer. <br><br>Vi er en del af det verdensomsp\u00e6ndende buddhistf\u00e6llesskab Triratna Buddhist Community, der blev startet i 1967 af engl\u00e6nderen Sangharakshita, og vi underviser for alle der er interesserede. Vi holder kurser og retreats med introduktion til Buddhisme, hvor vi gennemg\u00e5r Dharmaen og g\u00f8r den relevant for et hverdagsliv i en vestlig moderne verden. Alle er velkommen til at deltage.<\/p>\n\n\n\n<p>Triratna startede i England som Friends of the Western Buddhist Order tilbage 1967 og findes i dag verden over. Det har v\u00e6ret en sp\u00e6ndende, udfordrende og inspirerende udvikling siden starten, men en masse fejl og store succeser, der alt sammen har v\u00e6ret med til at skabe den levende bev\u00e6gelse Triratna er i dag: Sin egen buddhistiske tradition, hvor alle slags mennesker m\u00f8des omkring en ny m\u00e5de at leve i lyset af Buddha-Dharma-Sangha og integrere dette i vores moderne vestlige liv.<\/p>\n\n\n\n<p class=\"has-accent-2-color has-text-color\"><\/p>\n\n\n\n<figure class=\"wp-block-gallery has-nested-images columns-default is-cropped wp-block-gallery-5 is-layout-flex wp-block-gallery-is-layout-flex\"><\/figure>\n\n\n\n<h5 class=\"wp-block-heading\"><\/h5>\n\n\n\n<figure class=\"wp-block-gallery has-nested-images columns-default is-cropped wp-block-gallery-6 is-layout-flex wp-block-gallery-is-layout-flex\">\n<figure class=\"wp-block-image size-large\"><img loading=\"lazy\" decoding=\"async\" width=\"943\" height=\"829\" data-id=\"499\" src=\"https:\/\/triratna.dk\/wp-content\/uploads\/2022\/08\/cropped-cropped-Lotus-scaled-1.jpeg\" alt=\"\" class=\"wp-image-499\" srcset=\"https:\/\/triratna.dk\/wp-content\/uploads\/2022\/08\/cropped-cropped-Lotus-scaled-1.jpeg 943w, https:\/\/triratna.dk\/wp-content\/uploads\/2022\/08\/cropped-cropped-Lotus-scaled-1-300x264.jpeg 300w, https:\/\/triratna.dk\/wp-content\/uploads\/2022\/08\/cropped-cropped-Lotus-scaled-1-768x675.jpeg 768w, https:\/\/triratna.dk\/wp-content\/uploads\/2022\/08\/cropped-cropped-Lotus-scaled-1-341x300.jpeg 341w\" sizes=\"auto, (max-width: 943px) 100vw, 943px\" \/><\/figure>\n\n\n\n<figure class=\"wp-block-image size-full\"><img loading=\"lazy\" decoding=\"async\" width=\"914\" height=\"859\" data-id=\"273\" src=\"https:\/\/triratna.dk\/wp-content\/uploads\/2021\/12\/C682D4BD-5631-4B60-A855-619047860EE1_1_105_c-2.jpeg\" alt=\"\" class=\"wp-image-273\" srcset=\"https:\/\/triratna.dk\/wp-content\/uploads\/2021\/12\/C682D4BD-5631-4B60-A855-619047860EE1_1_105_c-2.jpeg 914w, https:\/\/triratna.dk\/wp-content\/uploads\/2021\/12\/C682D4BD-5631-4B60-A855-619047860EE1_1_105_c-2-300x282.jpeg 300w, https:\/\/triratna.dk\/wp-content\/uploads\/2021\/12\/C682D4BD-5631-4B60-A855-619047860EE1_1_105_c-2-768x722.jpeg 768w, https:\/\/triratna.dk\/wp-content\/uploads\/2021\/12\/C682D4BD-5631-4B60-A855-619047860EE1_1_105_c-2-319x300.jpeg 319w\" sizes=\"auto, (max-width: 914px) 100vw, 914px\" \/><\/figure>\n<\/figure>\n\n\n\n<p>Udover at holde kurser og g\u00f8re Buddhismen tilg\u00e6ngelig for alle, s\u00e5 er Triratna et moderne f\u00e6llesskab af praktiserende buddhister, der baserer deres liv p\u00e5 opm\u00e6rksomhed, mening, medf\u00f8lelse og aktivt engagement i verden. Triratna tager udgangspunkt i de klassiske buddhistiske bel\u00e6ringer og hvordan de kan udleves i en helt almindelig vestlig hverdag, som vi har her i Danmark. Triratna Buddhistf\u00e6llesskab (Triratna Buddhist Community) findes i de fleste vestlige lande verden over, og vi har ogs\u00e5 et st\u00e6rkt online f\u00e6llesskab p\u00e5 <a href=\"https:\/\/thebuddhistcentre.com\/\" target=\"_blank\" rel=\"noreferrer noopener\">https:\/\/thebuddhistcentre.com\/<\/a><\/p>\n\n\n\n<p>Hvis du vil vide mere er du meget velkommen til at kontakte os. Mail er meditationdk@ gmail . com<\/p>\n\n\n\n<div class=\"wp-block-columns is-layout-flex wp-container-core-columns-is-layout-9d6595d7 wp-block-columns-is-layout-flex\">\n<div class=\"wp-block-column is-layout-flow wp-block-column-is-layout-flow\" style=\"flex-basis:100%\"><\/div>\n<\/div>\n\n\n\n<figure class=\"wp-block-gallery has-nested-images columns-default is-cropped wp-block-gallery-7 is-layout-flex wp-block-gallery-is-layout-flex\">\n<figure class=\"wp-block-image size-large\"><img loading=\"lazy\" decoding=\"async\" width=\"1024\" height=\"219\" data-id=\"125\" src=\"https:\/\/triratna.dk\/wp-content\/uploads\/2021\/09\/cropped-buddha-ved-kanal-kopi-scaled-2-1024x219.jpg\" alt=\"\" class=\"wp-image-125\" srcset=\"https:\/\/triratna.dk\/wp-content\/uploads\/2021\/09\/cropped-buddha-ved-kanal-kopi-scaled-2-1024x219.jpg 1024w, https:\/\/triratna.dk\/wp-content\/uploads\/2021\/09\/cropped-buddha-ved-kanal-kopi-scaled-2-300x64.jpg 300w, https:\/\/triratna.dk\/wp-content\/uploads\/2021\/09\/cropped-buddha-ved-kanal-kopi-scaled-2-768x164.jpg 768w, https:\/\/triratna.dk\/wp-content\/uploads\/2021\/09\/cropped-buddha-ved-kanal-kopi-scaled-2-1536x328.jpg 1536w, https:\/\/triratna.dk\/wp-content\/uploads\/2021\/09\/cropped-buddha-ved-kanal-kopi-scaled-2-421x90.jpg 421w, https:\/\/triratna.dk\/wp-content\/uploads\/2021\/09\/cropped-buddha-ved-kanal-kopi-scaled-2.jpg 1920w\" sizes=\"auto, (max-width: 1024px) 100vw, 1024px\" \/><\/figure>\n<\/figure>\n\n\n\n<p><\/p>\n\n\n\n<div style=\"height:100px\" aria-hidden=\"true\" class=\"wp-block-spacer\"><\/div>\n\n\n\n<div style=\"height:50px\" aria-hidden=\"true\" class=\"wp-block-spacer\"><\/div>\n","protected":false},"excerpt":{"rendered":"<p>Vil du l\u00e6re mere om Buddhisme? Finde et vestligt Buddhist f\u00e6llesskab at praktiserer med? Udforske Dharmaen og selv m\u00e6rke hvordan frihed, visdom og medf\u00f8lelse kan &hellip;<\/p>\n","protected":false},"author":1,"featured_media":0,"parent":0,"menu_order":0,"comment_status":"closed","ping_status":"closed","template":"","meta":{"footnotes":""},"class_list":["post-5","page","type-page","status-publish","hentry"],"_links":{"self":[{"href":"https:\/\/triratna.dk\/index.php?rest_route=\/wp\/v2\/pages\/5","targetHints":{"allow":["GET"]}}],"collection":[{"href":"https:\/\/triratna.dk\/index.php?rest_route=\/wp\/v2\/pages"}],"about":[{"href":"https:\/\/triratna.dk\/index.php?rest_route=\/wp\/v2\/types\/page"}],"author":[{"embeddable":true,"href":"https:\/\/triratna.dk\/index.php?rest_route=\/wp\/v2\/users\/1"}],"replies":[{"embeddable":true,"href":"https:\/\/triratna.dk\/index.php?rest_route=%2Fwp%2Fv2%2Fcomments&post=5"}],"version-history":[{"count":343,"href":"https:\/\/triratna.dk\/index.php?rest_route=\/wp\/v2\/pages\/5\/revisions"}],"predecessor-version":[{"id":1398,"href":"https:\/\/triratna.dk\/index.php?rest_route=\/wp\/v2\/pages\/5\/revisions\/1398"}],"wp:attachment":[{"href":"https:\/\/triratna.dk\/index.php?rest_route=%2Fwp%2Fv2%2Fmedia&parent=5"}],"curies":[{"name":"wp","href":"https:\/\/api.w.org\/{rel}","templated":true}]}}