{"id":518,"date":"2022-08-12T12:52:01","date_gmt":"2022-08-12T12:52:01","guid":{"rendered":"https:\/\/triratna.dk\/?page_id=518"},"modified":"2025-12-29T22:32:06","modified_gmt":"2025-12-29T22:32:06","slug":"om-os","status":"publish","type":"page","link":"https:\/\/triratna.dk\/?page_id=518","title":{"rendered":"Om os"},"content":{"rendered":"\n<h5 class=\"wp-block-heading\"><strong>KONTAKT<\/strong><\/h5>\n\n\n\n<p>Hos os m\u00f8der du danske buddhister, der lever engagerede buddhistiske liv midt i vores almindelige vestlige hverdag, dybt inspireret af den tidl\u00f8se Buddha-Dharma.<\/p>\n\n\n\n<p class=\"has-accent-2-color has-text-color\">Uanset om du er ny til Buddhismen eller allerede har en praksis er du velkommen i Triratna. Her p\u00e5 siden kan du l\u00e6se mere om os, om hvordan vi oms\u00e6tter de gamleindsigter til nutidsrelevans, n\u00e6rv\u00e6r, medf\u00f8lelse og visdom, om hvordan du kommer i kontakt med os og om de kurser vi afholder. <\/p>\n\n\n\n<p>Du er meget velkommen til at v\u00e6re med. Vi har fysiske aktiviteter i K\u00f8benhavn hver uge, med kurser i Buddhisme og Buddhistisk Praksis, og drop-in undervisning i mindfulness og meditation. Derudover holder vi forskellige andre aktiviteter og retreats. Kig rundt p\u00e5 siden og kontakt os hvis du er interesseret i at v\u00e6re med. Alle er velkommen \ud83c\udf08<\/p>\n\n\n\n<p>Du kan kontakte os p\u00e5 telefon 57 70 52 20 eller p\u00e5 mail triratnacph AT gmail.com<\/p>\n\n\n\n<p>Vi har ogs\u00e5 en facebook side som du finder <a href=\"https:\/\/www.facebook.com\/TriratnaDanmark\/\" data-type=\"URL\" data-id=\"https:\/\/www.facebook.com\/TriratnaDanmark\/\" target=\"_blank\" rel=\"noreferrer noopener\">HER<\/a><\/p>\n\n\n\n<figure class=\"wp-block-gallery has-nested-images columns-default is-cropped wp-block-gallery-1 is-layout-flex wp-block-gallery-is-layout-flex\">\n<figure class=\"wp-block-image size-large\"><img loading=\"lazy\" decoding=\"async\" width=\"1024\" height=\"768\" data-id=\"852\" src=\"https:\/\/triratna.dk\/wp-content\/uploads\/2023\/09\/Advayasiddhi-og-Aryanayaka-1024x768.jpg\" alt=\"\" class=\"wp-image-852\" srcset=\"https:\/\/triratna.dk\/wp-content\/uploads\/2023\/09\/Advayasiddhi-og-Aryanayaka-1024x768.jpg 1024w, https:\/\/triratna.dk\/wp-content\/uploads\/2023\/09\/Advayasiddhi-og-Aryanayaka-300x225.jpg 300w, https:\/\/triratna.dk\/wp-content\/uploads\/2023\/09\/Advayasiddhi-og-Aryanayaka-768x576.jpg 768w, https:\/\/triratna.dk\/wp-content\/uploads\/2023\/09\/Advayasiddhi-og-Aryanayaka-1536x1152.jpg 1536w, https:\/\/triratna.dk\/wp-content\/uploads\/2023\/09\/Advayasiddhi-og-Aryanayaka-2048x1536.jpg 2048w, https:\/\/triratna.dk\/wp-content\/uploads\/2023\/09\/Advayasiddhi-og-Aryanayaka-400x300.jpg 400w\" sizes=\"auto, (max-width: 1024px) 100vw, 1024px\" \/><\/figure>\n\n\n\n<figure class=\"wp-block-image size-large\"><img loading=\"lazy\" decoding=\"async\" width=\"816\" height=\"459\" data-id=\"80\" src=\"https:\/\/triratna.dk\/wp-content\/uploads\/2021\/09\/cropped-bedeflag.jpg\" alt=\"\" class=\"wp-image-80\" srcset=\"https:\/\/triratna.dk\/wp-content\/uploads\/2021\/09\/cropped-bedeflag.jpg 816w, https:\/\/triratna.dk\/wp-content\/uploads\/2021\/09\/cropped-bedeflag-300x169.jpg 300w, https:\/\/triratna.dk\/wp-content\/uploads\/2021\/09\/cropped-bedeflag-768x432.jpg 768w\" sizes=\"auto, (max-width: 816px) 100vw, 816px\" \/><\/figure>\n\n\n\n<figure class=\"wp-block-image size-large\"><img loading=\"lazy\" decoding=\"async\" width=\"1024\" height=\"993\" data-id=\"1364\" src=\"https:\/\/triratna.dk\/wp-content\/uploads\/2025\/12\/sangha2025-1024x993.jpeg\" alt=\"\" class=\"wp-image-1364\" srcset=\"https:\/\/triratna.dk\/wp-content\/uploads\/2025\/12\/sangha2025-1024x993.jpeg 1024w, https:\/\/triratna.dk\/wp-content\/uploads\/2025\/12\/sangha2025-300x291.jpeg 300w, https:\/\/triratna.dk\/wp-content\/uploads\/2025\/12\/sangha2025-768x745.jpeg 768w, https:\/\/triratna.dk\/wp-content\/uploads\/2025\/12\/sangha2025-1536x1490.jpeg 1536w, https:\/\/triratna.dk\/wp-content\/uploads\/2025\/12\/sangha2025-2048x1986.jpeg 2048w, https:\/\/triratna.dk\/wp-content\/uploads\/2025\/12\/sangha2025-309x300.jpeg 309w\" sizes=\"auto, (max-width: 1024px) 100vw, 1024px\" \/><\/figure>\n<\/figure>\n\n\n\n<h5 class=\"wp-block-heading\"><strong>Triratna i Danmark &#8211; Vestlig Buddhisme<\/strong><\/h5>\n\n\n\n<p>Triratna findes over hele verden, ogs\u00e5 her i Danmark, hvor der siden 2007 har v\u00e6ret Triratna aktiviteter og en Sangha (f\u00e6llesskab\/community) der praktiserer sammen. Fokus er hvordan Dharmaen kan udleves i en helt almindelig vestlig hverdag, som vi har her i Danmark.<\/p>\n\n\n\n<p>Triratna holder kurser i Begynder Buddhisme i K\u00f8benhavn, underviser i mindfulness og mediation, tilbyder studiekredse, zoom kurser, weekend retreats, intro-dage og meget mere. Hvis du gerne vil have vi kommer ud og underviser der hvor du er, eller holder en dag om Begynder Buddhisme, s\u00e5 sig til! Aktuelt foreg\u00e5r vores aktiviteter i K\u00f8benhavn, i K\u00f8ge, p\u00e5 Stevns og online, og mange er i samarbejde med centre i andre lande.<\/p>\n\n\n\n<p>I Danmark har vi 2 Ordensmedlemmer. Vores senior ordensmedlem, Advayasiddhi, som st\u00e5r for n\u00e6sten al undervisning vi tilbyder, og Vidyanandi, der blev ordineret i 2024. Vi har en r\u00e6kke mitraer og \u00f8vrige tilknyttede, og enkelte der tr\u00e6ner mod ordination.<\/p>\n\n\n\n<p>Vi har et t\u00e6t samarbejde med Triratna Centre i andre lande, b\u00e5de her i Norden og resten af verden. Is\u00e6r har Shrewsbury i UK og Oslo Buddhistsenter gode samarbejder, noget der har skabt bedre muligheder for at f\u00f8le sig del af en st\u00f8rre sangha. Du kan finde deres hjemmesider her <a href=\"https:\/\/www.shrewsburybuddhistcentre.co.uk\/\" target=\"_blank\" rel=\"noreferrer noopener\">https:\/\/www.shrewsburybuddhistcentre.co.uk\/<\/a> og her <a href=\"https:\/\/www.oslobuddhistsenter.no\/\">https:\/\/www.oslobuddhistsenter.no\/<\/a><\/p>\n\n\n\n<p><\/p>\n\n\n\n<h5 class=\"wp-block-heading\">Om <strong>Triratna Buddhistsamfund<\/strong><\/h5>\n\n\n\n<p>Triratna er et moderne verdensomsp\u00e6ndende f\u00e6llesskab af praktiserende buddhister, der baserer deres liv p\u00e5 opm\u00e6rksomhed, etisk praksis, medf\u00f8lelse og aktivt engagement i verden. Triratna tager udgangspunkt i de klassiske buddhistiske bel\u00e6ringer som vores grundl\u00e6gger Sangharakshitan har samlet fra alle 3 grene af Buddhismen, engagerer sig aktivt i verden og underviser i Dharma og Meditation. <\/p>\n\n\n\n<p>Triratna Buddhistsamfund (Triratna Buddhist Community) er grundlagt af engl\u00e6nderen Sangharakshita i 1967, det hed tidligere Friend of the Western Buddhist Order (FWBO), og det findes verden over. Vi har ogs\u00e5 et st\u00e6rkt online f\u00e6llesskab hvor du kan l\u00e6se mere og udforske Dharmaen <a href=\"https:\/\/thebuddhistcentre.com\/\" target=\"_blank\" rel=\"noreferrer noopener\">https:\/\/thebuddhistcentre.com\/<\/a><\/p>\n\n\n\n<p>P\u00e5 verdensplan findes ca 3000 Ordensmedlemmer, og godt 250.000 aktive Triratna Buddhister. Dharmapraksis og tilflugten til de tre juveler er i centrum hos os, mens livsstil og livssituation er mere sekund\u00e6rt. Vi er alts\u00e5 ikke nonner og munke, men lever forholdsvis almindelig liv. Hvis du er nysgerrig for at finde ud af mere om os og vores aktiviteter, s\u00e5 kan du skrive dig p\u00e5 vores mailingliste ved at kontakte p\u00e5 mailen.<\/p>\n\n\n<div class=\"wp-block-image\">\n<figure class=\"aligncenter size-medium\"><img loading=\"lazy\" decoding=\"async\" width=\"300\" height=\"218\" src=\"https:\/\/triratna.dk\/wp-content\/uploads\/2021\/12\/0F0509F3-1292-48D3-8F94-02BC360FBCC6-300x218.jpeg\" alt=\"\" class=\"wp-image-267\" srcset=\"https:\/\/triratna.dk\/wp-content\/uploads\/2021\/12\/0F0509F3-1292-48D3-8F94-02BC360FBCC6-300x218.jpeg 300w, https:\/\/triratna.dk\/wp-content\/uploads\/2021\/12\/0F0509F3-1292-48D3-8F94-02BC360FBCC6-768x559.jpeg 768w, https:\/\/triratna.dk\/wp-content\/uploads\/2021\/12\/0F0509F3-1292-48D3-8F94-02BC360FBCC6-412x300.jpeg 412w, https:\/\/triratna.dk\/wp-content\/uploads\/2021\/12\/0F0509F3-1292-48D3-8F94-02BC360FBCC6-413x300.jpeg 413w, https:\/\/triratna.dk\/wp-content\/uploads\/2021\/12\/0F0509F3-1292-48D3-8F94-02BC360FBCC6.jpeg 1000w\" sizes=\"auto, (max-width: 300px) 100vw, 300px\" \/><\/figure>\n<\/div>\n\n\n<figure class=\"wp-block-gallery aligncenter has-nested-images columns-default is-cropped wp-block-gallery-2 is-layout-flex wp-block-gallery-is-layout-flex\"><\/figure>\n\n\n\n<h5 class=\"wp-block-heading\">Om Triratna Buddhistorden<\/h5>\n\n\n\n<p>Triratna Buddhistsamfund er bygget op omkring en Buddhistorden af ordinerede ordensmedlemmer. Ordensmedlemmer svarer lidt til &#8220;pr\u00e6ster&#8221;. De har gennemg\u00e5et \u00e5revis af intens Dharma- og meditationstr\u00e6ning inden ordination, typisk 8 \u00e5r eller mere, og har viet deres liv til Dharmen.<\/p>\n\n\n\n<p>I Triratna praktiserer ogs\u00e5 mange \u201cl\u00e6gfolk\u201d, enten ved blot at deltage i vores aktiviteter verden over, eller ved at tage Buddhistisk Tilflugt hos os og derved blive mitraer. Mitra betyder ven (p\u00e5 sanskrit), og det er is\u00e6r f\u00e6llesskabet og den st\u00f8tte man b\u00e5de giver og modtager ved at praktiserer med andre, der s\u00e6ttes i h\u00f8js\u00e6de n\u00e5r man bliver mitra.<\/p>\n\n\n\n<p><\/p>\n\n\n\n<h5 class=\"wp-block-heading\"><strong>KONTAKT<\/strong><\/h5>\n\n\n\n<p>Hvis du vil vide mere er du meget velkommen til at kontakte os p\u00e5 telefon 57 70 52 20 eller p\u00e5 mail triratnacph AT gmail.com<\/p>\n\n\n\n<p>Du kan ogs\u00e5 finde en masse talks, meditation og dharma-undervisning p\u00e5 vores f\u00e6lles <a href=\"https:\/\/www.freebuddhistaudio.com\/\" target=\"_blank\" rel=\"noreferrer noopener\">https:\/\/www.freebuddhistaudio.com\/<\/a><\/p>\n","protected":false},"excerpt":{"rendered":"<p>KONTAKT Hos os m\u00f8der du danske buddhister, der lever engagerede buddhistiske liv midt i vores almindelige vestlige hverdag, dybt inspireret af den tidl\u00f8se Buddha-Dharma. Uanset &hellip;<\/p>\n","protected":false},"author":1,"featured_media":0,"parent":0,"menu_order":0,"comment_status":"closed","ping_status":"closed","template":"","meta":{"footnotes":""},"class_list":["post-518","page","type-page","status-publish","hentry"],"_links":{"self":[{"href":"https:\/\/triratna.dk\/index.php?rest_route=\/wp\/v2\/pages\/518","targetHints":{"allow":["GET"]}}],"collection":[{"href":"https:\/\/triratna.dk\/index.php?rest_route=\/wp\/v2\/pages"}],"about":[{"href":"https:\/\/triratna.dk\/index.php?rest_route=\/wp\/v2\/types\/page"}],"author":[{"embeddable":true,"href":"https:\/\/triratna.dk\/index.php?rest_route=\/wp\/v2\/users\/1"}],"replies":[{"embeddable":true,"href":"https:\/\/triratna.dk\/index.php?rest_route=%2Fwp%2Fv2%2Fcomments&post=518"}],"version-history":[{"count":21,"href":"https:\/\/triratna.dk\/index.php?rest_route=\/wp\/v2\/pages\/518\/revisions"}],"predecessor-version":[{"id":1384,"href":"https:\/\/triratna.dk\/index.php?rest_route=\/wp\/v2\/pages\/518\/revisions\/1384"}],"wp:attachment":[{"href":"https:\/\/triratna.dk\/index.php?rest_route=%2Fwp%2Fv2%2Fmedia&parent=518"}],"curies":[{"name":"wp","href":"https:\/\/api.w.org\/{rel}","templated":true}]}}